{"id":5630,"date":"2020-07-06T16:02:08","date_gmt":"2020-07-06T14:02:08","guid":{"rendered":"https:\/\/www.levbymike.com\/?page_id=5630"},"modified":"2024-11-11T14:02:40","modified_gmt":"2024-11-11T13:02:40","slug":"kochworkshops","status":"publish","type":"page","link":"https:\/\/www.levbymike.com\/de\/kochworkshops\/","title":{"rendered":"Kochworkshops"},"content":{"rendered":"<div class=\"wpb-content-wrapper\"><p>[vc_row css_animation=&#8220;&#8220; row_type=&#8220;row&#8220; use_row_as_full_screen_section=&#8220;no&#8220; type=&#8220;full_width&#8220; angled_section=&#8220;no&#8220; text_align=&#8220;left&#8220; background_image_as_pattern=&#8220;without_pattern&#8220;][vc_column][vc_column_text]<\/p>\n<h2>F\u00fcr jedes Niveau!<\/h2>\n<p>[\/vc_column_text][vc_empty_space][\/vc_column][\/vc_row][vc_row css_animation=&#8220;&#8220; row_type=&#8220;row&#8220; use_row_as_full_screen_section=&#8220;no&#8220; type=&#8220;full_width&#8220; angled_section=&#8220;no&#8220; text_align=&#8220;left&#8220; background_image_as_pattern=&#8220;without_pattern&#8220;][vc_column width=&#8220;1\/2&#8243;][vc_column_text]<strong>Nur so zum Spa\u00df<\/strong>[\/vc_column_text][vc_row_inner row_type=&#8220;row&#8220; type=&#8220;full_width&#8220; text_align=&#8220;left&#8220; css_animation=&#8220;&#8220;][vc_column_inner width=&#8220;1\/2&#8243;][vc_column_text]8 bis 12 Personen<br \/>\n13 oder mehr Personen<br \/>\nKauf von Getr\u00e4nken w\u00e4hrend des Workshops[\/vc_column_text][\/vc_column_inner][vc_column_inner width=&#8220;1\/2&#8243;][vc_column_text]62,50 \u20ac p.P. (exkl. Getr\u00e4nke)<br \/>\n52,50 \u20ac p.P. (exkl. Getr\u00e4nke)<br \/>\n27,50 \u20ac p.P.[\/vc_column_text][\/vc_column_inner][\/vc_row_inner][vc_column_text]<\/p>\n<p>Sie werden ein Drei-G\u00e4nge-Men\u00fc kreieren, bei dem Bequemlichkeit und Schnelligkeit im Mittelpunkt eines entspannten Abends in geselliger Runde stehen. Machen Sie eine Reise um die Welt und lernen Sie die verschiedenen internationalen K\u00fcchen kennen.<\/p>\n<p>Halten Sie sich nicht zu lange in der K\u00fcche auf, sondern verbringen Sie mehr Zeit am Tisch bei einem guten Glas Wein.[\/vc_column_text][\/vc_column][vc_column width=&#8220;1\/2&#8243;][vc_column_text]<strong>Anf\u00e4ngliche Kochtalente<\/strong>[\/vc_column_text][vc_row_inner row_type=&#8220;row&#8220; type=&#8220;full_width&#8220; text_align=&#8220;left&#8220; css_animation=&#8220;&#8220;][vc_column_inner width=&#8220;1\/2&#8243;][vc_column_text]8 bis 12 Personen<br \/>\n13 oder mehr Personen<br \/>\nKauf von Getr\u00e4nken w\u00e4hrend des Workshops[\/vc_column_text][\/vc_column_inner][vc_column_inner width=&#8220;1\/2&#8243;][vc_column_text]\u20ac 66,00 p.P. (exkl. Getr\u00e4nke)<br \/>\n\u20ac 55,00 p.P. (exkl. Getr\u00e4nke)<br \/>\n\u20ac 27,50 p.P.[\/vc_column_text][\/vc_column_inner][\/vc_row_inner][vc_column_text]<\/p>\n<p>Grundlegende Techniken stehen im Mittelpunkt dieses Workshops, bei dem Sie ein Drei-G\u00e4nge-Men\u00fc zubereiten werden.<\/p>\n<p>Geschmack und Geselligkeit sind die Grundlagen f\u00fcr einen gelungenen Abend.[\/vc_column_text][\/vc_column][\/vc_row][vc_row css_animation=&#8220;&#8220; row_type=&#8220;row&#8220; use_row_as_full_screen_section=&#8220;no&#8220; type=&#8220;full_width&#8220; angled_section=&#8220;no&#8220; text_align=&#8220;left&#8220; background_image_as_pattern=&#8220;without_pattern&#8220;][vc_column][vc_empty_space][\/vc_column][\/vc_row][vc_row css_animation=&#8220;&#8220; row_type=&#8220;row&#8220; use_row_as_full_screen_section=&#8220;no&#8220; type=&#8220;full_width&#8220; angled_section=&#8220;no&#8220; text_align=&#8220;left&#8220; background_image_as_pattern=&#8220;without_pattern&#8220;][vc_column width=&#8220;1\/2&#8243;][vc_column_text]<strong>Achterhoek Spitzenprodukte<\/strong><\/p>\n<p>[\/vc_column_text][vc_row_inner row_type=&#8220;row&#8220; type=&#8220;full_width&#8220; text_align=&#8220;left&#8220; css_animation=&#8220;&#8220;][vc_column_inner width=&#8220;1\/2&#8243;][vc_column_text]8 bis 12 Personen<br \/>\n13 oder mehr Personen<br \/>\nKauf von Getr\u00e4nken w\u00e4hrend des Workshops[\/vc_column_text][\/vc_column_inner][vc_column_inner width=&#8220;1\/2&#8243;][vc_column_text]\u20ac 67,50 p.P. (exkl. Getr\u00e4nke)<br \/>\n\u20ac 57,50 p.P. (exkl. Getr\u00e4nke)<br \/>\n\u20ac 27,50 p.P.[\/vc_column_text][\/vc_column_inner][\/vc_row_inner][vc_column_text]Kochen mit Produkten aus regionalem Boden! Kochen Sie mit den leckersten Zutaten aus &#8218;unserer&#8216; sch\u00f6nen Achterhoek! Warum sollten wir Produkte von weit her holen, wenn wir sie auch in jeder Saison aus unserer Gegend bekommen k\u00f6nnen. Genie\u00dfen Sie ein Nachmittags- oder Abendprogramm zusammen mit Freunden, Familie oder Kollegen, mit leckerem Essen obendrein.[\/vc_column_text][\/vc_column][vc_column width=&#8220;1\/2&#8243;][vc_column_text]<strong>Echte Profis<br \/>\n<\/strong>[\/vc_column_text][vc_row_inner row_type=&#8220;row&#8220; type=&#8220;full_width&#8220; text_align=&#8220;left&#8220; css_animation=&#8220;&#8220;][vc_column_inner width=&#8220;1\/2&#8243;][vc_column_text]8 bis 12 Personen<br \/>\n13 oder mehr Personen<br \/>\nKauf von Getr\u00e4nken w\u00e4hrend des Workshops[\/vc_column_text][\/vc_column_inner][vc_column_inner width=&#8220;1\/2&#8243;][vc_column_text]\u20ac 75,00 p.P. (exkl. Getr\u00e4nke)<br \/>\n\u20ac 65,00 p.P. (exkl. Getr\u00e4nke)<br \/>\n\u20ac 31,00 p.P.[\/vc_column_text][\/vc_column_inner][\/vc_row_inner][vc_column_text]Dieser Workshop besteht aus einem Vier-G\u00e4nge-Men\u00fc, bei dem Sie in innovative und spannende Techniken eingef\u00fchrt werden. Lernen Sie, wie ein Profi mit den luxuri\u00f6sesten und sch\u00f6nsten Produkten der Saison zu kochen. Eine Erweiterung auf f\u00fcnf G\u00e4nge ist gegen einen Aufpreis von 10,00 \u20ac pro Person m\u00f6glich.[\/vc_column_text][\/vc_column][\/vc_row][vc_row css_animation=&#8220;&#8220; row_type=&#8220;row&#8220; use_row_as_full_screen_section=&#8220;no&#8220; type=&#8220;full_width&#8220; angled_section=&#8220;no&#8220; text_align=&#8220;center&#8220; background_image_as_pattern=&#8220;without_pattern&#8220; z_index=&#8220;&#8220;][vc_column][vc_empty_space][vc_column_text]<\/p>\n<p style=\"text-align: center;\"><strong>Alle oben genannten Workshops beinhalten einen festlichen Aperitif beim Empfang, jedoch keine weiteren Getr\u00e4nke.<\/strong><\/p>\n<p style=\"text-align: center;\"><strong>Die Workshops k\u00f6nnen f\u00fcr Gruppen gebucht werden und sind ideal f\u00fcr Familientage und Teambuilding.<\/strong><\/p>\n<p>[\/vc_column_text][vc_empty_space]<a  itemprop=\"url\" href=\"https:\/\/www.levbymike.com\/de\/kontakt\/\" target=\"_self\"  class=\"qbutton  default\" style=\"\">Kontakt aufnehmen<\/a>[vc_empty_space][\/vc_column][\/vc_row]<\/p>\n<\/div>","protected":false},"excerpt":{"rendered":"<p>[vc_row css_animation=&#8220;&#8220; row_type=&#8220;row&#8220; use_row_as_full_screen_section=&#8220;no&#8220; type=&#8220;full_width&#8220; angled_section=&#8220;no&#8220; text_align=&#8220;left&#8220; background_image_as_pattern=&#8220;without_pattern&#8220;][vc_column][vc_column_text] F\u00fcr jedes Niveau! [\/vc_column_text][vc_empty_space][\/vc_column][\/vc_row][vc_row css_animation=&#8220;&#8220; row_type=&#8220;row&#8220; use_row_as_full_screen_section=&#8220;no&#8220; type=&#8220;full_width&#8220; angled_section=&#8220;no&#8220; text_align=&#8220;left&#8220; background_image_as_pattern=&#8220;without_pattern&#8220;][vc_column width=&#8220;1\/2&#8243;][vc_column_text]Nur so zum Spa\u00df[\/vc_column_text][vc_row_inner row_type=&#8220;row&#8220; type=&#8220;full_width&#8220; text_align=&#8220;left&#8220; css_animation=&#8220;&#8220;][vc_column_inner width=&#8220;1\/2&#8243;][vc_column_text]8 bis 12 Personen 13 oder mehr Personen Kauf von Getr\u00e4nken w\u00e4hrend des Workshops[\/vc_column_text][\/vc_column_inner][vc_column_inner width=&#8220;1\/2&#8243;][vc_column_text]62,50 \u20ac p.P. (exkl&#8230;.<\/p>\n","protected":false},"author":3,"featured_media":0,"parent":0,"menu_order":0,"comment_status":"closed","ping_status":"closed","template":"","meta":{"footnotes":""},"class_list":["post-5630","page","type-page","status-publish","hentry"],"yoast_head":"<!-- This site is optimized with the Yoast SEO plugin v24.1 - https:\/\/yoast.com\/wordpress\/plugins\/seo\/ -->\n<title>Kochworkshops - LEV. by Mike<\/title>\n<meta name=\"robots\" content=\"index, follow, max-snippet:-1, max-image-preview:large, max-video-preview:-1\" \/>\n<link rel=\"canonical\" href=\"https:\/\/www.levbymike.com\/de\/kochworkshops\/\" \/>\n<meta property=\"og:locale\" content=\"de_DE\" \/>\n<meta property=\"og:type\" content=\"article\" \/>\n<meta property=\"og:title\" content=\"Kochworkshops - LEV. by Mike\" \/>\n<meta property=\"og:description\" content=\"[vc_row css_animation=&#8220;&#8220; row_type=&#8220;row&#8220; use_row_as_full_screen_section=&#8220;no&#8220; type=&#8220;full_width&#8220; angled_section=&#8220;no&#8220; text_align=&#8220;left&#8220; background_image_as_pattern=&#8220;without_pattern&#8220;][vc_column][vc_column_text] F\u00fcr jedes Niveau! [\/vc_column_text][vc_empty_space][\/vc_column][\/vc_row][vc_row css_animation=&#8220;&#8220; row_type=&#8220;row&#8220; use_row_as_full_screen_section=&#8220;no&#8220; type=&#8220;full_width&#8220; angled_section=&#8220;no&#8220; text_align=&#8220;left&#8220; background_image_as_pattern=&#8220;without_pattern&#8220;][vc_column width=&#8220;1\/2&#8243;][vc_column_text]Nur so zum Spa\u00df[\/vc_column_text][vc_row_inner row_type=&#8220;row&#8220; type=&#8220;full_width&#8220; text_align=&#8220;left&#8220; css_animation=&#8220;&#8220;][vc_column_inner width=&#8220;1\/2&#8243;][vc_column_text]8 bis 12 Personen 13 oder mehr Personen Kauf von Getr\u00e4nken w\u00e4hrend des Workshops[\/vc_column_text][\/vc_column_inner][vc_column_inner width=&#8220;1\/2&#8243;][vc_column_text]62,50 \u20ac p.P. (exkl....\" \/>\n<meta property=\"og:url\" content=\"https:\/\/www.levbymike.com\/de\/kochworkshops\/\" \/>\n<meta property=\"og:site_name\" content=\"LEV. by Mike\" \/>\n<meta property=\"article:modified_time\" content=\"2024-11-11T13:02:40+00:00\" \/>\n<meta name=\"twitter:card\" content=\"summary_large_image\" \/>\n<meta name=\"twitter:label1\" content=\"Gesch\u00e4tzte Lesezeit\" \/>\n\t<meta name=\"twitter:data1\" content=\"2\u00a0Minuten\" \/>\n<script type=\"application\/ld+json\" class=\"yoast-schema-graph\">{\"@context\":\"https:\/\/schema.org\",\"@graph\":[{\"@type\":\"WebPage\",\"@id\":\"https:\/\/www.levbymike.com\/de\/kochworkshops\/\",\"url\":\"https:\/\/www.levbymike.com\/de\/kochworkshops\/\",\"name\":\"Kochworkshops - LEV. by Mike\",\"isPartOf\":{\"@id\":\"https:\/\/www.levbymike.com\/#website\"},\"datePublished\":\"2020-07-06T14:02:08+00:00\",\"dateModified\":\"2024-11-11T13:02:40+00:00\",\"breadcrumb\":{\"@id\":\"https:\/\/www.levbymike.com\/de\/kochworkshops\/#breadcrumb\"},\"inLanguage\":\"de\",\"potentialAction\":[{\"@type\":\"ReadAction\",\"target\":[\"https:\/\/www.levbymike.com\/de\/kochworkshops\/\"]}]},{\"@type\":\"BreadcrumbList\",\"@id\":\"https:\/\/www.levbymike.com\/de\/kochworkshops\/#breadcrumb\",\"itemListElement\":[{\"@type\":\"ListItem\",\"position\":1,\"name\":\"Home\",\"item\":\"https:\/\/www.levbymike.com\/de\/\"},{\"@type\":\"ListItem\",\"position\":2,\"name\":\"Kochworkshops\"}]},{\"@type\":\"WebSite\",\"@id\":\"https:\/\/www.levbymike.com\/#website\",\"url\":\"https:\/\/www.levbymike.com\/\",\"name\":\"LEV. by Mike\",\"description\":\"GOOD FOOD. GOOD MOOD | WINE &amp; BEER | BEACHBAR\",\"potentialAction\":[{\"@type\":\"SearchAction\",\"target\":{\"@type\":\"EntryPoint\",\"urlTemplate\":\"https:\/\/www.levbymike.com\/?s={search_term_string}\"},\"query-input\":{\"@type\":\"PropertyValueSpecification\",\"valueRequired\":true,\"valueName\":\"search_term_string\"}}],\"inLanguage\":\"de\"}]}<\/script>\n<!-- \/ Yoast SEO plugin. -->","yoast_head_json":{"title":"Kochworkshops - LEV. by Mike","robots":{"index":"index","follow":"follow","max-snippet":"max-snippet:-1","max-image-preview":"max-image-preview:large","max-video-preview":"max-video-preview:-1"},"canonical":"https:\/\/www.levbymike.com\/de\/kochworkshops\/","og_locale":"de_DE","og_type":"article","og_title":"Kochworkshops - LEV. by Mike","og_description":"[vc_row css_animation=&#8220;&#8220; row_type=&#8220;row&#8220; use_row_as_full_screen_section=&#8220;no&#8220; type=&#8220;full_width&#8220; angled_section=&#8220;no&#8220; text_align=&#8220;left&#8220; background_image_as_pattern=&#8220;without_pattern&#8220;][vc_column][vc_column_text] F\u00fcr jedes Niveau! [\/vc_column_text][vc_empty_space][\/vc_column][\/vc_row][vc_row css_animation=&#8220;&#8220; row_type=&#8220;row&#8220; use_row_as_full_screen_section=&#8220;no&#8220; type=&#8220;full_width&#8220; angled_section=&#8220;no&#8220; text_align=&#8220;left&#8220; background_image_as_pattern=&#8220;without_pattern&#8220;][vc_column width=&#8220;1\/2&#8243;][vc_column_text]Nur so zum Spa\u00df[\/vc_column_text][vc_row_inner row_type=&#8220;row&#8220; type=&#8220;full_width&#8220; text_align=&#8220;left&#8220; css_animation=&#8220;&#8220;][vc_column_inner width=&#8220;1\/2&#8243;][vc_column_text]8 bis 12 Personen 13 oder mehr Personen Kauf von Getr\u00e4nken w\u00e4hrend des Workshops[\/vc_column_text][\/vc_column_inner][vc_column_inner width=&#8220;1\/2&#8243;][vc_column_text]62,50 \u20ac p.P. (exkl....","og_url":"https:\/\/www.levbymike.com\/de\/kochworkshops\/","og_site_name":"LEV. by Mike","article_modified_time":"2024-11-11T13:02:40+00:00","twitter_card":"summary_large_image","twitter_misc":{"Gesch\u00e4tzte Lesezeit":"2\u00a0Minuten"},"schema":{"@context":"https:\/\/schema.org","@graph":[{"@type":"WebPage","@id":"https:\/\/www.levbymike.com\/de\/kochworkshops\/","url":"https:\/\/www.levbymike.com\/de\/kochworkshops\/","name":"Kochworkshops - LEV. by Mike","isPartOf":{"@id":"https:\/\/www.levbymike.com\/#website"},"datePublished":"2020-07-06T14:02:08+00:00","dateModified":"2024-11-11T13:02:40+00:00","breadcrumb":{"@id":"https:\/\/www.levbymike.com\/de\/kochworkshops\/#breadcrumb"},"inLanguage":"de","potentialAction":[{"@type":"ReadAction","target":["https:\/\/www.levbymike.com\/de\/kochworkshops\/"]}]},{"@type":"BreadcrumbList","@id":"https:\/\/www.levbymike.com\/de\/kochworkshops\/#breadcrumb","itemListElement":[{"@type":"ListItem","position":1,"name":"Home","item":"https:\/\/www.levbymike.com\/de\/"},{"@type":"ListItem","position":2,"name":"Kochworkshops"}]},{"@type":"WebSite","@id":"https:\/\/www.levbymike.com\/#website","url":"https:\/\/www.levbymike.com\/","name":"LEV. by Mike","description":"GOOD FOOD. GOOD MOOD | WINE &amp; BEER | BEACHBAR","potentialAction":[{"@type":"SearchAction","target":{"@type":"EntryPoint","urlTemplate":"https:\/\/www.levbymike.com\/?s={search_term_string}"},"query-input":{"@type":"PropertyValueSpecification","valueRequired":true,"valueName":"search_term_string"}}],"inLanguage":"de"}]}},"_links":{"self":[{"href":"https:\/\/www.levbymike.com\/de\/wp-json\/wp\/v2\/pages\/5630","targetHints":{"allow":["GET"]}}],"collection":[{"href":"https:\/\/www.levbymike.com\/de\/wp-json\/wp\/v2\/pages"}],"about":[{"href":"https:\/\/www.levbymike.com\/de\/wp-json\/wp\/v2\/types\/page"}],"author":[{"embeddable":true,"href":"https:\/\/www.levbymike.com\/de\/wp-json\/wp\/v2\/users\/3"}],"replies":[{"embeddable":true,"href":"https:\/\/www.levbymike.com\/de\/wp-json\/wp\/v2\/comments?post=5630"}],"version-history":[{"count":3,"href":"https:\/\/www.levbymike.com\/de\/wp-json\/wp\/v2\/pages\/5630\/revisions"}],"predecessor-version":[{"id":13289,"href":"https:\/\/www.levbymike.com\/de\/wp-json\/wp\/v2\/pages\/5630\/revisions\/13289"}],"wp:attachment":[{"href":"https:\/\/www.levbymike.com\/de\/wp-json\/wp\/v2\/media?parent=5630"}],"curies":[{"name":"wp","href":"https:\/\/api.w.org\/{rel}","templated":true}]}}