{"id":5621,"date":"2020-07-06T15:29:23","date_gmt":"2020-07-06T13:29:23","guid":{"rendered":"https:\/\/www.levbymike.com\/?page_id=5621"},"modified":"2024-11-11T13:52:23","modified_gmt":"2024-11-11T12:52:23","slug":"kochstudio","status":"publish","type":"page","link":"https:\/\/www.levbymike.com\/de\/kochstudio\/","title":{"rendered":"Kochstudio"},"content":{"rendered":"<div class=\"wpb-content-wrapper\"><p>[vc_row css_animation=&#8220;&#8220; row_type=&#8220;row&#8220; use_row_as_full_screen_section=&#8220;no&#8220; type=&#8220;full_width&#8220; angled_section=&#8220;no&#8220; text_align=&#8220;left&#8220; background_image_as_pattern=&#8220;without_pattern&#8220;][vc_column width=&#8220;1\/2&#8243;][vc_empty_space][vc_column_text]<\/p>\n<h2>Kochworkshops &#8211; entdecken Sie Ihr Kochtalent.<\/h2>\n<p>Entdecken Sie Ihr Kochtalent bei LEV. by Mike und leben Sie es aus. Unser Kochstudio ist der ideale Ort, um einen Abend mit Freunden oder Kollegen zu kochen. In dem trendigen Kochstudio kochen Sie mit den neuesten Techniken und nat\u00fcrlich mit den besten Produkten!<\/p>\n<p>Vom Filetieren von Fisch bis zum Schneiden von Fleisch, vom Pfl\u00fccken von Kr\u00e4utern bis zum Herstellen von Eis. Und das alles mit modernsten Ger\u00e4ten und gutem Handwerkszeug. Wir arbeiten ausschlie\u00dflich mit tagesfrischen Zutaten und 100% Bio-Fleisch. Gem\u00fctlichkeit, gutes Essen, gute Weine, \u00fcberraschende Kreationen und ein angenehmes Ambiente sind unsere Zutaten f\u00fcr einen gelungenen kulinarischen Abend.[\/vc_column_text][vc_empty_space]<a  itemprop=\"url\" href=\"https:\/\/www.levbymike.com\/de\/kochworkshops\/\" target=\"_self\"  class=\"qbutton  default\" style=\"\">Pr\u00fcfen Sie die M\u00f6glichkeiten<\/a>[\/vc_column][vc_column width=&#8220;1\/2&#8243;][vc_empty_space][vc_column_text]<\/p>\n<h2>Business &#8211; anregende Umgebung f\u00fcr Treffen.<\/h2>\n<p>Ein ungew\u00f6hnliches und inspirierendes Tagungsumfeld regt die Sinne an. Die Ruhe und der Charme von LEV by Mike kombiniert mit hochwertiger Gastronomie und Achterhoeker Gastfreundschaft garantieren ein erfolgreiches Meeting. Der Tagungsraum ist standardm\u00e4\u00dfig mit einem gro\u00dfen Arbeits-\/Besprechungstisch, einer Tonanlage und drahtlosem Internet ausgestattet. Audiovisuelles Equipment ist auf Anfrage erh\u00e4ltlich. Zahlreiche Aufstellungsvarianten sind m\u00f6glich. Geeignet f\u00fcr Gruppen von 4 bis 24 Personen.<\/p>\n<p>LEV by Mike ist ideal f\u00fcr Meetings, Schulungen oder (Produkt-)Pr\u00e4sentationen im kleinen Rahmen. Drinnen und drau\u00dfen oder eine Kombination davon. Zum Beispiel mit Mittag- und\/oder Abendessen. Aber auch f\u00fcr die Planung von Outdoor-Aktivit\u00e4ten. Das N\u00fctzliche mit dem Angenehmen verbinden, das k\u00f6nnen wir am besten!<\/p>\n<p>Wir denken gerne mit Ihnen mit, um Ihnen das beste Business Without Cares-Paket anzubieten. Bitte kontaktieren Sie uns f\u00fcr eine Beratung oder ein Angebot.[\/vc_column_text][vc_empty_space]<a  itemprop=\"url\" href=\"https:\/\/www.levbymike.com\/de\/kontakt\/\" target=\"_self\"  class=\"qbutton  default\" style=\"\">Kontaktieren Sie uns<\/a>[vc_empty_space][\/vc_column][\/vc_row][vc_row css_animation=&#8220;&#8220; row_type=&#8220;row&#8220; use_row_as_full_screen_section=&#8220;no&#8220; type=&#8220;full_width&#8220; angled_section=&#8220;no&#8220; text_align=&#8220;left&#8220; background_image_as_pattern=&#8220;without_pattern&#8220;][vc_column][vc_gallery interval=&#8220;3&#8243; images=&#8220;12609,12052,12621,12049,9524&#8243; img_size=&#8220;2048 x 834&#8243;][\/vc_column][\/vc_row]<\/p>\n<\/div>","protected":false},"excerpt":{"rendered":"<p>[vc_row css_animation=&#8220;&#8220; row_type=&#8220;row&#8220; use_row_as_full_screen_section=&#8220;no&#8220; type=&#8220;full_width&#8220; angled_section=&#8220;no&#8220; text_align=&#8220;left&#8220; background_image_as_pattern=&#8220;without_pattern&#8220;][vc_column width=&#8220;1\/2&#8243;][vc_empty_space][vc_column_text] Kochworkshops &#8211; entdecken Sie Ihr Kochtalent. Entdecken Sie Ihr Kochtalent bei LEV. by Mike und leben Sie es aus. Unser Kochstudio ist der ideale Ort, um einen Abend mit Freunden oder Kollegen zu kochen. In dem&#8230;<\/p>\n","protected":false},"author":3,"featured_media":0,"parent":0,"menu_order":0,"comment_status":"closed","ping_status":"closed","template":"","meta":{"footnotes":""},"class_list":["post-5621","page","type-page","status-publish","hentry"],"yoast_head":"<!-- This site is optimized with the Yoast SEO plugin v24.1 - https:\/\/yoast.com\/wordpress\/plugins\/seo\/ -->\n<title>Kochstudio - LEV. by Mike<\/title>\n<meta name=\"robots\" content=\"index, follow, max-snippet:-1, max-image-preview:large, max-video-preview:-1\" \/>\n<link rel=\"canonical\" href=\"https:\/\/www.levbymike.com\/de\/kochstudio\/\" \/>\n<meta property=\"og:locale\" content=\"de_DE\" \/>\n<meta property=\"og:type\" content=\"article\" \/>\n<meta property=\"og:title\" content=\"Kochstudio - LEV. by Mike\" \/>\n<meta property=\"og:description\" content=\"[vc_row css_animation=&#8220;&#8220; row_type=&#8220;row&#8220; use_row_as_full_screen_section=&#8220;no&#8220; type=&#8220;full_width&#8220; angled_section=&#8220;no&#8220; text_align=&#8220;left&#8220; background_image_as_pattern=&#8220;without_pattern&#8220;][vc_column width=&#8220;1\/2&#8243;][vc_empty_space][vc_column_text] Kochworkshops &#8211; entdecken Sie Ihr Kochtalent. Entdecken Sie Ihr Kochtalent bei LEV. by Mike und leben Sie es aus. Unser Kochstudio ist der ideale Ort, um einen Abend mit Freunden oder Kollegen zu kochen. In dem...\" \/>\n<meta property=\"og:url\" content=\"https:\/\/www.levbymike.com\/de\/kochstudio\/\" \/>\n<meta property=\"og:site_name\" content=\"LEV. by Mike\" \/>\n<meta property=\"article:modified_time\" content=\"2024-11-11T12:52:23+00:00\" \/>\n<meta name=\"twitter:card\" content=\"summary_large_image\" \/>\n<meta name=\"twitter:label1\" content=\"Gesch\u00e4tzte Lesezeit\" \/>\n\t<meta name=\"twitter:data1\" content=\"3\u00a0Minuten\" \/>\n<script type=\"application\/ld+json\" class=\"yoast-schema-graph\">{\"@context\":\"https:\/\/schema.org\",\"@graph\":[{\"@type\":\"WebPage\",\"@id\":\"https:\/\/www.levbymike.com\/de\/kochstudio\/\",\"url\":\"https:\/\/www.levbymike.com\/de\/kochstudio\/\",\"name\":\"Kochstudio - LEV. by Mike\",\"isPartOf\":{\"@id\":\"https:\/\/www.levbymike.com\/#website\"},\"datePublished\":\"2020-07-06T13:29:23+00:00\",\"dateModified\":\"2024-11-11T12:52:23+00:00\",\"breadcrumb\":{\"@id\":\"https:\/\/www.levbymike.com\/de\/kochstudio\/#breadcrumb\"},\"inLanguage\":\"de\",\"potentialAction\":[{\"@type\":\"ReadAction\",\"target\":[\"https:\/\/www.levbymike.com\/de\/kochstudio\/\"]}]},{\"@type\":\"BreadcrumbList\",\"@id\":\"https:\/\/www.levbymike.com\/de\/kochstudio\/#breadcrumb\",\"itemListElement\":[{\"@type\":\"ListItem\",\"position\":1,\"name\":\"Home\",\"item\":\"https:\/\/www.levbymike.com\/de\/\"},{\"@type\":\"ListItem\",\"position\":2,\"name\":\"Kochstudio\"}]},{\"@type\":\"WebSite\",\"@id\":\"https:\/\/www.levbymike.com\/#website\",\"url\":\"https:\/\/www.levbymike.com\/\",\"name\":\"LEV. by Mike\",\"description\":\"GOOD FOOD. GOOD MOOD | WINE &amp; BEER | BEACHBAR\",\"potentialAction\":[{\"@type\":\"SearchAction\",\"target\":{\"@type\":\"EntryPoint\",\"urlTemplate\":\"https:\/\/www.levbymike.com\/?s={search_term_string}\"},\"query-input\":{\"@type\":\"PropertyValueSpecification\",\"valueRequired\":true,\"valueName\":\"search_term_string\"}}],\"inLanguage\":\"de\"}]}<\/script>\n<!-- \/ Yoast SEO plugin. -->","yoast_head_json":{"title":"Kochstudio - LEV. by Mike","robots":{"index":"index","follow":"follow","max-snippet":"max-snippet:-1","max-image-preview":"max-image-preview:large","max-video-preview":"max-video-preview:-1"},"canonical":"https:\/\/www.levbymike.com\/de\/kochstudio\/","og_locale":"de_DE","og_type":"article","og_title":"Kochstudio - LEV. by Mike","og_description":"[vc_row css_animation=&#8220;&#8220; row_type=&#8220;row&#8220; use_row_as_full_screen_section=&#8220;no&#8220; type=&#8220;full_width&#8220; angled_section=&#8220;no&#8220; text_align=&#8220;left&#8220; background_image_as_pattern=&#8220;without_pattern&#8220;][vc_column width=&#8220;1\/2&#8243;][vc_empty_space][vc_column_text] Kochworkshops &#8211; entdecken Sie Ihr Kochtalent. Entdecken Sie Ihr Kochtalent bei LEV. by Mike und leben Sie es aus. Unser Kochstudio ist der ideale Ort, um einen Abend mit Freunden oder Kollegen zu kochen. In dem...","og_url":"https:\/\/www.levbymike.com\/de\/kochstudio\/","og_site_name":"LEV. by Mike","article_modified_time":"2024-11-11T12:52:23+00:00","twitter_card":"summary_large_image","twitter_misc":{"Gesch\u00e4tzte Lesezeit":"3\u00a0Minuten"},"schema":{"@context":"https:\/\/schema.org","@graph":[{"@type":"WebPage","@id":"https:\/\/www.levbymike.com\/de\/kochstudio\/","url":"https:\/\/www.levbymike.com\/de\/kochstudio\/","name":"Kochstudio - LEV. by Mike","isPartOf":{"@id":"https:\/\/www.levbymike.com\/#website"},"datePublished":"2020-07-06T13:29:23+00:00","dateModified":"2024-11-11T12:52:23+00:00","breadcrumb":{"@id":"https:\/\/www.levbymike.com\/de\/kochstudio\/#breadcrumb"},"inLanguage":"de","potentialAction":[{"@type":"ReadAction","target":["https:\/\/www.levbymike.com\/de\/kochstudio\/"]}]},{"@type":"BreadcrumbList","@id":"https:\/\/www.levbymike.com\/de\/kochstudio\/#breadcrumb","itemListElement":[{"@type":"ListItem","position":1,"name":"Home","item":"https:\/\/www.levbymike.com\/de\/"},{"@type":"ListItem","position":2,"name":"Kochstudio"}]},{"@type":"WebSite","@id":"https:\/\/www.levbymike.com\/#website","url":"https:\/\/www.levbymike.com\/","name":"LEV. by Mike","description":"GOOD FOOD. GOOD MOOD | WINE &amp; BEER | BEACHBAR","potentialAction":[{"@type":"SearchAction","target":{"@type":"EntryPoint","urlTemplate":"https:\/\/www.levbymike.com\/?s={search_term_string}"},"query-input":{"@type":"PropertyValueSpecification","valueRequired":true,"valueName":"search_term_string"}}],"inLanguage":"de"}]}},"_links":{"self":[{"href":"https:\/\/www.levbymike.com\/de\/wp-json\/wp\/v2\/pages\/5621","targetHints":{"allow":["GET"]}}],"collection":[{"href":"https:\/\/www.levbymike.com\/de\/wp-json\/wp\/v2\/pages"}],"about":[{"href":"https:\/\/www.levbymike.com\/de\/wp-json\/wp\/v2\/types\/page"}],"author":[{"embeddable":true,"href":"https:\/\/www.levbymike.com\/de\/wp-json\/wp\/v2\/users\/3"}],"replies":[{"embeddable":true,"href":"https:\/\/www.levbymike.com\/de\/wp-json\/wp\/v2\/comments?post=5621"}],"version-history":[{"count":4,"href":"https:\/\/www.levbymike.com\/de\/wp-json\/wp\/v2\/pages\/5621\/revisions"}],"predecessor-version":[{"id":13287,"href":"https:\/\/www.levbymike.com\/de\/wp-json\/wp\/v2\/pages\/5621\/revisions\/13287"}],"wp:attachment":[{"href":"https:\/\/www.levbymike.com\/de\/wp-json\/wp\/v2\/media?parent=5621"}],"curies":[{"name":"wp","href":"https:\/\/api.w.org\/{rel}","templated":true}]}}