{"id":5618,"date":"2020-07-06T15:25:12","date_gmt":"2020-07-06T13:25:12","guid":{"rendered":"https:\/\/www.levbymike.com\/?page_id=5618"},"modified":"2024-11-11T14:17:26","modified_gmt":"2024-11-11T13:17:26","slug":"kontakt","status":"publish","type":"page","link":"https:\/\/www.levbymike.com\/de\/kontakt\/","title":{"rendered":"Kontakt"},"content":{"rendered":"<div class=\"wpb-content-wrapper\"><p>[vc_row css_animation=&#8220;&#8220; row_type=&#8220;row&#8220; use_row_as_full_screen_section=&#8220;no&#8220; type=&#8220;grid&#8220; angled_section=&#8220;no&#8220; text_align=&#8220;center&#8220; background_image_as_pattern=&#8220;without_pattern&#8220; padding_top=&#8220;65&#8243; padding_bottom=&#8220;89&#8243;][vc_column width=&#8220;1\/4&#8243; offset=&#8220;vc_col-lg-offset-0 vc_col-md-offset-0 vc_col-sm-offset-0&#8243; css=&#8220;.vc_custom_1493979284253{padding-right: 3% !important;}&#8220;][\/vc_column][vc_column width=&#8220;1\/2&#8243;][vc_column_text el_id=&#8220;Save changes&#8220;]<\/p>\n<h3><strong>LEV by Mike (Foodbar &amp; Beachbar) k\u00f6nnen Sie in Winterswijk Finden. <\/strong><\/h3>\n<p>Mit einem gro\u00dfen Parkplatz davor, einschlie\u00dflich einer Ladestation f\u00fcr Elektroautos. Werden wir Sie bald sehen?[\/vc_column_text][vc_separator type=&#8220;small&#8220; position=&#8220;center&#8220; up=&#8220;60&#8243; down=&#8220;60&#8243;][vc_column_text]<\/p>\n<h2>Sie finden uns:<\/h2>\n<p>&nbsp;<\/p>\n<p>Telefonnummer: + 31 (0)543 \u2013 769037<\/p>\n<p>Adresse: Badweg 4, Winterswijk<\/p>\n<p>E-Mail: <a href=\"mailto:info@levbymike.com\">info@levbymike.com<\/a><\/p>\n<p>&nbsp;<\/p>\n<p>Ist dies Ihr erster Besuch bei LEV. by Mike? Wenn ja, raten wir Ihnen, Google Maps zur Navigation zu verwenden. Einige Autonavigationssysteme erkennen unsere Adresse nicht.<\/p>\n<p>Von <strong>Samstag, den 9. bis Sonntag, den 17. November<\/strong> wird unser Restaurant aufgrund von Bahnarbeiten <strong>umgeleitet<\/strong>. Wir werden daher etwas schwieriger zu erreichen sein. Der Bahn\u00fcbergang an der Meester A. th. ten Houtenlaan wird f\u00fcr den Verkehr gesperrt. Die Umleitung erfolgt \u00fcber den Wooldseweg und am Restaurant De Gulle Smid vorbei, bitte folgen Sie der Umleitungsbeschilderung. Diese Arbeiten sind Teil der geplanten gro\u00dfen Wartungsarbeiten an der Strecke zwischen Winterswijk und Doetinchem.<\/p>\n<p>[\/vc_column_text][vc_separator type=&#8220;small&#8220; position=&#8220;center&#8220; up=&#8220;60&#8243; down=&#8220;60&#8243;][vc_column_text]<\/p>\n<h2 style=\"text-align: center;\">Wir sind ge\u00f6ffnet:<\/h2>\n<p>&nbsp;<\/p>\n<p style=\"text-align: center;\">Mi\u00a0 \u00a011:00 &#8211; 23:00<br \/>\nDo\u00a0 \u00a0 11:00 &#8211; 23:00<br \/>\nFr\u00a0 \u00a0 11:00 &#8211; 23:00<br \/>\nSa\u00a0 \u00a0 11:00 &#8211; 23:00<br \/>\nSo\u00a0 \u00a0 11:00 &#8211; 23:00<\/p>\n<p style=\"text-align: center;\">Im Januar, Februar und M\u00e4rz sind wir mittwochs geschlossen.<\/p>\n<p>[\/vc_column_text][vc_separator type=&#8220;transparent&#8220; up=&#8220;60&#8243; down=&#8220;0&#8243;][vc_column_text]<\/p>\n<h2>Hast du eine Frage?<\/h2>\n<p>[\/vc_column_text][vc_separator type=&#8220;transparent&#8220; up=&#8220;60&#8243; down=&#8220;0&#8243;]\n<div class=\"wpcf7 no-js\" id=\"wpcf7-f191-o1\" lang=\"en-US\" dir=\"ltr\" data-wpcf7-id=\"191\">\n<div class=\"screen-reader-response\"><p role=\"status\" aria-live=\"polite\" aria-atomic=\"true\"><\/p> <ul><\/ul><\/div>\n<form action=\"\/de\/wp-json\/wp\/v2\/pages\/5618#wpcf7-f191-o1\" method=\"post\" class=\"wpcf7-form init cf7_custom_style_2 84c38f4eeb03 cmatic-conn cmatic-aud-20 cmatic-mapd0-0 cmatic-v097803 cmatic-sent-0 cmatic-total-1018\" aria-label=\"Contact form\" novalidate=\"novalidate\" data-status=\"init\">\n<fieldset class=\"hidden-fields-container\"><input type=\"hidden\" name=\"_wpcf7\" value=\"191\" \/><input type=\"hidden\" name=\"_wpcf7_version\" value=\"6.1.5\" \/><input type=\"hidden\" name=\"_wpcf7_locale\" value=\"en_US\" \/><input type=\"hidden\" name=\"_wpcf7_unit_tag\" value=\"wpcf7-f191-o1\" \/><input type=\"hidden\" name=\"_wpcf7_container_post\" value=\"0\" \/><input type=\"hidden\" name=\"_wpcf7_posted_data_hash\" value=\"\" \/><input type=\"hidden\" name=\"_wpcf7_recaptcha_response\" value=\"\" \/>\n<\/fieldset>\n<p><span class=\"wpcf7-form-control-wrap\" data-name=\"full-name\"><input size=\"40\" maxlength=\"400\" class=\"wpcf7-form-control wpcf7-text\" aria-invalid=\"false\" placeholder=\"Jouw Naam\" value=\"\" type=\"text\" name=\"full-name\" \/><\/span>\n<\/p>\n<p><span class=\"wpcf7-form-control-wrap\" data-name=\"email\"><input size=\"40\" maxlength=\"400\" class=\"wpcf7-form-control wpcf7-email wpcf7-text wpcf7-validates-as-email\" aria-invalid=\"false\" placeholder=\"E-mail Adres\" value=\"\" type=\"email\" name=\"email\" \/><\/span>\n<\/p>\n<p><span class=\"wpcf7-form-control-wrap\" data-name=\"Telefoonnummer\"><input size=\"40\" maxlength=\"400\" class=\"wpcf7-form-control wpcf7-tel wpcf7-validates-as-required wpcf7-text wpcf7-validates-as-tel\" aria-required=\"true\" aria-invalid=\"false\" placeholder=\"Telefoonnummer\" value=\"\" type=\"tel\" name=\"Telefoonnummer\" \/><\/span>\n<\/p>\n<p><span class=\"wpcf7-form-control-wrap\" data-name=\"message\"><textarea cols=\"40\" rows=\"10\" maxlength=\"2000\" class=\"wpcf7-form-control wpcf7-textarea\" aria-invalid=\"false\" placeholder=\"Schrijf hier jouw bericht\" name=\"message\"><\/textarea><\/span>\n<\/p>\n<p><input class=\"wpcf7-form-control wpcf7-submit has-spinner\" type=\"submit\" value=\"VERSTUUR\" \/>\n<\/p><div class=\"wpcf7-response-output\" aria-hidden=\"true\"><\/div>\n<\/form>\n<\/div>\n[vc_separator type=&#8220;transparent&#8220; up=&#8220;4&#8243; down=&#8220;0&#8243;][\/vc_column][vc_column width=&#8220;1\/4&#8243;][\/vc_column][\/vc_row][vc_row css_animation=&#8220;&#8220; row_type=&#8220;row&#8220; use_row_as_full_screen_section=&#8220;no&#8220; type=&#8220;full_width&#8220; angled_section=&#8220;no&#8220; text_align=&#8220;left&#8220; background_image_as_pattern=&#8220;without_pattern&#8220;][vc_column]<div class='google_map_shortcode_holder' style='height:600px;'><div class='qode_google_map' style='height:600px;' id='map_canvas_47988' data-addresses='[\"Badweg 4, Winterswijk\"]' data-custom-map-style='true' data-color-overlay='#000000' data-saturation='-100' data-lightness='-60' data-zoom='19' data-pin='https:\/\/www.levbymike.com\/wp-content\/uploads\/2020\/05\/LEV-By-Mike.png' data-unique-id='47988' data-google-maps-scroll-wheel='false' data-snazzy-map-style='no' data-map-height='600'><\/div><div class='google_map_shortcode_overlay'><\/div><\/div>[\/vc_column][\/vc_row][vc_row css_animation=&#8220;&#8220; row_type=&#8220;row&#8220; use_row_as_full_screen_section=&#8220;no&#8220; type=&#8220;full_width&#8220; angled_section=&#8220;no&#8220; text_align=&#8220;left&#8220; background_image_as_pattern=&#8220;without_pattern&#8220;][vc_column][vc_gallery type=&#8220;image_grid&#8220; images=&#8220;13188,12615,13185,13123,12669,12594,13126,13058&#8243; img_size=&#8220;480&#215;480&#8243; column_number=&#8220;4&#8243; grayscale=&#8220;no&#8220; images_space=&#8220;gallery_without_space&#8220;][\/vc_column][\/vc_row]<\/p>\n<\/div>","protected":false},"excerpt":{"rendered":"<p>[vc_row css_animation=&#8220;&#8220; row_type=&#8220;row&#8220; use_row_as_full_screen_section=&#8220;no&#8220; type=&#8220;grid&#8220; angled_section=&#8220;no&#8220; text_align=&#8220;center&#8220; background_image_as_pattern=&#8220;without_pattern&#8220; padding_top=&#8220;65&#8243; padding_bottom=&#8220;89&#8243;][vc_column width=&#8220;1\/4&#8243; offset=&#8220;vc_col-lg-offset-0 vc_col-md-offset-0 vc_col-sm-offset-0&#8243; css=&#8220;.vc_custom_1493979284253{padding-right: 3% !important;}&#8220;][\/vc_column][vc_column width=&#8220;1\/2&#8243;][vc_column_text el_id=&#8220;Save changes&#8220;] LEV by Mike (Foodbar &amp; Beachbar) k\u00f6nnen Sie in Winterswijk Finden. Mit einem gro\u00dfen Parkplatz davor, einschlie\u00dflich einer Ladestation f\u00fcr Elektroautos. Werden wir Sie bald&#8230;<\/p>\n","protected":false},"author":3,"featured_media":0,"parent":0,"menu_order":0,"comment_status":"closed","ping_status":"closed","template":"full_width.php","meta":{"footnotes":""},"class_list":["post-5618","page","type-page","status-publish","hentry"],"yoast_head":"<!-- This site is optimized with the Yoast SEO plugin v24.1 - https:\/\/yoast.com\/wordpress\/plugins\/seo\/ -->\n<title>Kontakt - LEV. by Mike<\/title>\n<meta name=\"robots\" content=\"index, follow, max-snippet:-1, max-image-preview:large, max-video-preview:-1\" \/>\n<link rel=\"canonical\" href=\"https:\/\/www.levbymike.com\/de\/kontakt\/\" \/>\n<meta property=\"og:locale\" content=\"de_DE\" \/>\n<meta property=\"og:type\" content=\"article\" \/>\n<meta property=\"og:title\" content=\"Kontakt - LEV. by Mike\" \/>\n<meta property=\"og:description\" content=\"[vc_row css_animation=&#8220;&#8220; row_type=&#8220;row&#8220; use_row_as_full_screen_section=&#8220;no&#8220; type=&#8220;grid&#8220; angled_section=&#8220;no&#8220; text_align=&#8220;center&#8220; background_image_as_pattern=&#8220;without_pattern&#8220; padding_top=&#8220;65&#8243; padding_bottom=&#8220;89&#8243;][vc_column width=&#8220;1\/4&#8243; offset=&#8220;vc_col-lg-offset-0 vc_col-md-offset-0 vc_col-sm-offset-0&#8243; css=&#8220;.vc_custom_1493979284253{padding-right: 3% !important;}&#8220;][\/vc_column][vc_column width=&#8220;1\/2&#8243;][vc_column_text el_id=&#8220;Save changes&#8220;] LEV by Mike (Foodbar &amp; Beachbar) k\u00f6nnen Sie in Winterswijk Finden. Mit einem gro\u00dfen Parkplatz davor, einschlie\u00dflich einer Ladestation f\u00fcr Elektroautos. Werden wir Sie bald...\" \/>\n<meta property=\"og:url\" content=\"https:\/\/www.levbymike.com\/de\/kontakt\/\" \/>\n<meta property=\"og:site_name\" content=\"LEV. by Mike\" \/>\n<meta property=\"article:modified_time\" content=\"2024-11-11T13:17:26+00:00\" \/>\n<meta name=\"twitter:card\" content=\"summary_large_image\" \/>\n<meta name=\"twitter:label1\" content=\"Gesch\u00e4tzte Lesezeit\" \/>\n\t<meta name=\"twitter:data1\" content=\"3\u00a0Minuten\" \/>\n<script type=\"application\/ld+json\" class=\"yoast-schema-graph\">{\"@context\":\"https:\/\/schema.org\",\"@graph\":[{\"@type\":\"WebPage\",\"@id\":\"https:\/\/www.levbymike.com\/de\/kontakt\/\",\"url\":\"https:\/\/www.levbymike.com\/de\/kontakt\/\",\"name\":\"Kontakt - LEV. by Mike\",\"isPartOf\":{\"@id\":\"https:\/\/www.levbymike.com\/#website\"},\"datePublished\":\"2020-07-06T13:25:12+00:00\",\"dateModified\":\"2024-11-11T13:17:26+00:00\",\"breadcrumb\":{\"@id\":\"https:\/\/www.levbymike.com\/de\/kontakt\/#breadcrumb\"},\"inLanguage\":\"de\",\"potentialAction\":[{\"@type\":\"ReadAction\",\"target\":[\"https:\/\/www.levbymike.com\/de\/kontakt\/\"]}]},{\"@type\":\"BreadcrumbList\",\"@id\":\"https:\/\/www.levbymike.com\/de\/kontakt\/#breadcrumb\",\"itemListElement\":[{\"@type\":\"ListItem\",\"position\":1,\"name\":\"Home\",\"item\":\"https:\/\/www.levbymike.com\/de\/\"},{\"@type\":\"ListItem\",\"position\":2,\"name\":\"Kontakt\"}]},{\"@type\":\"WebSite\",\"@id\":\"https:\/\/www.levbymike.com\/#website\",\"url\":\"https:\/\/www.levbymike.com\/\",\"name\":\"LEV. by Mike\",\"description\":\"GOOD FOOD. GOOD MOOD | WINE &amp; BEER | BEACHBAR\",\"potentialAction\":[{\"@type\":\"SearchAction\",\"target\":{\"@type\":\"EntryPoint\",\"urlTemplate\":\"https:\/\/www.levbymike.com\/?s={search_term_string}\"},\"query-input\":{\"@type\":\"PropertyValueSpecification\",\"valueRequired\":true,\"valueName\":\"search_term_string\"}}],\"inLanguage\":\"de\"}]}<\/script>\n<!-- \/ Yoast SEO plugin. -->","yoast_head_json":{"title":"Kontakt - LEV. by Mike","robots":{"index":"index","follow":"follow","max-snippet":"max-snippet:-1","max-image-preview":"max-image-preview:large","max-video-preview":"max-video-preview:-1"},"canonical":"https:\/\/www.levbymike.com\/de\/kontakt\/","og_locale":"de_DE","og_type":"article","og_title":"Kontakt - LEV. by Mike","og_description":"[vc_row css_animation=&#8220;&#8220; row_type=&#8220;row&#8220; use_row_as_full_screen_section=&#8220;no&#8220; type=&#8220;grid&#8220; angled_section=&#8220;no&#8220; text_align=&#8220;center&#8220; background_image_as_pattern=&#8220;without_pattern&#8220; padding_top=&#8220;65&#8243; padding_bottom=&#8220;89&#8243;][vc_column width=&#8220;1\/4&#8243; offset=&#8220;vc_col-lg-offset-0 vc_col-md-offset-0 vc_col-sm-offset-0&#8243; css=&#8220;.vc_custom_1493979284253{padding-right: 3% !important;}&#8220;][\/vc_column][vc_column width=&#8220;1\/2&#8243;][vc_column_text el_id=&#8220;Save changes&#8220;] LEV by Mike (Foodbar &amp; Beachbar) k\u00f6nnen Sie in Winterswijk Finden. Mit einem gro\u00dfen Parkplatz davor, einschlie\u00dflich einer Ladestation f\u00fcr Elektroautos. Werden wir Sie bald...","og_url":"https:\/\/www.levbymike.com\/de\/kontakt\/","og_site_name":"LEV. by Mike","article_modified_time":"2024-11-11T13:17:26+00:00","twitter_card":"summary_large_image","twitter_misc":{"Gesch\u00e4tzte Lesezeit":"3\u00a0Minuten"},"schema":{"@context":"https:\/\/schema.org","@graph":[{"@type":"WebPage","@id":"https:\/\/www.levbymike.com\/de\/kontakt\/","url":"https:\/\/www.levbymike.com\/de\/kontakt\/","name":"Kontakt - LEV. by Mike","isPartOf":{"@id":"https:\/\/www.levbymike.com\/#website"},"datePublished":"2020-07-06T13:25:12+00:00","dateModified":"2024-11-11T13:17:26+00:00","breadcrumb":{"@id":"https:\/\/www.levbymike.com\/de\/kontakt\/#breadcrumb"},"inLanguage":"de","potentialAction":[{"@type":"ReadAction","target":["https:\/\/www.levbymike.com\/de\/kontakt\/"]}]},{"@type":"BreadcrumbList","@id":"https:\/\/www.levbymike.com\/de\/kontakt\/#breadcrumb","itemListElement":[{"@type":"ListItem","position":1,"name":"Home","item":"https:\/\/www.levbymike.com\/de\/"},{"@type":"ListItem","position":2,"name":"Kontakt"}]},{"@type":"WebSite","@id":"https:\/\/www.levbymike.com\/#website","url":"https:\/\/www.levbymike.com\/","name":"LEV. by Mike","description":"GOOD FOOD. GOOD MOOD | WINE &amp; BEER | BEACHBAR","potentialAction":[{"@type":"SearchAction","target":{"@type":"EntryPoint","urlTemplate":"https:\/\/www.levbymike.com\/?s={search_term_string}"},"query-input":{"@type":"PropertyValueSpecification","valueRequired":true,"valueName":"search_term_string"}}],"inLanguage":"de"}]}},"_links":{"self":[{"href":"https:\/\/www.levbymike.com\/de\/wp-json\/wp\/v2\/pages\/5618","targetHints":{"allow":["GET"]}}],"collection":[{"href":"https:\/\/www.levbymike.com\/de\/wp-json\/wp\/v2\/pages"}],"about":[{"href":"https:\/\/www.levbymike.com\/de\/wp-json\/wp\/v2\/types\/page"}],"author":[{"embeddable":true,"href":"https:\/\/www.levbymike.com\/de\/wp-json\/wp\/v2\/users\/3"}],"replies":[{"embeddable":true,"href":"https:\/\/www.levbymike.com\/de\/wp-json\/wp\/v2\/comments?post=5618"}],"version-history":[{"count":5,"href":"https:\/\/www.levbymike.com\/de\/wp-json\/wp\/v2\/pages\/5618\/revisions"}],"predecessor-version":[{"id":13298,"href":"https:\/\/www.levbymike.com\/de\/wp-json\/wp\/v2\/pages\/5618\/revisions\/13298"}],"wp:attachment":[{"href":"https:\/\/www.levbymike.com\/de\/wp-json\/wp\/v2\/media?parent=5618"}],"curies":[{"name":"wp","href":"https:\/\/api.w.org\/{rel}","templated":true}]}}