{"id":5609,"date":"2020-07-06T14:41:49","date_gmt":"2020-07-06T12:41:49","guid":{"rendered":"https:\/\/www.levbymike.com\/?page_id=5609"},"modified":"2026-01-31T11:15:56","modified_gmt":"2026-01-31T10:15:56","slug":"direkt-buchen","status":"publish","type":"page","link":"https:\/\/www.levbymike.com\/de\/direkt-buchen\/","title":{"rendered":"Direkt buchen"},"content":{"rendered":"<div class=\"wpb-content-wrapper\"><p>[vc_row css_animation=&#8220;&#8220; row_type=&#8220;row&#8220; use_row_as_full_screen_section=&#8220;no&#8220; type=&#8220;full_width&#8220; angled_section=&#8220;no&#8220; text_align=&#8220;center&#8220; background_image_as_pattern=&#8220;without_pattern&#8220; z_index=&#8220;&#8220;][vc_column width=&#8220;1\/2&#8243;][vc_empty_space][vc_empty_space][vc_column_text]<\/p>\n<h2 style=\"text-align: center;\">Direkt buchen<\/h2>\n<p style=\"text-align: center;\">Reservierungen k\u00f6nnen \u00fcber unser Reservierungsmodul, per Telefon oder per E-Mail vorgenommen werden.<\/p>\n<p style=\"text-align: center;\"><a href=\"tel:0031543769037\">0543-769037<\/a> | <a href=\"mailto:info@levbymike.com\">info@levbymike.com<\/a><\/p>\n<p>&nbsp;<\/p>\n<p style=\"text-align: center;\"><strong>M\u00f6chten Sie eine Reservierung f\u00fcr eine Gruppe von mehr als 8 Personen vornehmen oder m\u00f6chten Sie eine Reservierung f\u00fcr heute vornehmen? Dies ist \u00fcber unser Online-Tool oft nicht m\u00f6glich. Bitte kontaktieren Sie uns dann pro Telefon oder E-Mail.<\/strong><\/p>\n<p>&nbsp;<\/p>\n<p style=\"text-align: center;\">An den folgenden Tagen gelten angepasste \u00d6ffnungszeiten oder es gibt Besonderheiten:<\/p>\n<p>&nbsp;<\/p>\n<ul>\n<li style=\"text-align: center;\">Jeden Mittwoch im Januar, Februar und M\u00e4rz geschlossen.<\/li>\n<li style=\"text-align: center;\">14. Februar 2026, VALENTINSTAG-SPEZIAL: 5-G\u00e4nge-Men\u00fc zum Teilen!<\/li>\n<li style=\"text-align: center;\">Samstag, 31. Januar, ab 16.00 Uhr geschlossen.<\/li>\n<li style=\"text-align: center;\">Samstag, 14. M\u00e4rz, ab 18:00 Uhr ge\u00f6ffnet.<\/li>\n<\/ul>\n<p>&nbsp;<\/p>\n<p style=\"text-align: center;\">Bitte beachten Sie, dass Sie mit herk\u00f6mmlichen Navigationsger\u00e4ten (selbst den neuesten Modellen) oft zur falschen Adresse gef\u00fchrt werden. Wir empfehlen Ihnen daher, Google Maps zu verwenden.<\/p>\n<p>&nbsp;<\/p>\n<p>[\/vc_column_text][vc_empty_space][vc_raw_html]JTNDYSUyMG9uY2xpY2slM0QlMjdfZ3N0cGxuLm9wZW5XaWRnZXQlMjglMjklMjclMjBocmVmJTNEJTI3JTIzJTI3JTIwY2xhc3MlM0QlMjJxYnV0dG9uJTIwJTIwZW5sYXJnZSUyMiUyMHN0eWxlJTNEJTIycGFkZGluZy1sZWZ0JTNBJTIwMjBweCUzQiUyMHBhZGRpbmctcmlnaHQlM0ElMjAyMHB4JTNCJTIyJTNFRGlyZWN0JTIwcmVzZXJ2ZXJlbiUzQyUyRmElM0U=[\/vc_raw_html][vc_empty_space][\/vc_column][vc_column width=&#8220;1\/2&#8243;][vc_column_text][\/vc_column_text][vc_empty_space][vc_gallery interval=&#8220;3&#8243; images=&#8220;12594,12624,4622,12615,12630,12612,11839,12597&#8243; img_size=&#8220;1200&#215;800&#8243;][\/vc_column][\/vc_row]<\/p>\n<\/div>","protected":false},"excerpt":{"rendered":"<p>[vc_row css_animation=&#8220;&#8220; row_type=&#8220;row&#8220; use_row_as_full_screen_section=&#8220;no&#8220; type=&#8220;full_width&#8220; angled_section=&#8220;no&#8220; text_align=&#8220;center&#8220; background_image_as_pattern=&#8220;without_pattern&#8220; z_index=&#8220;&#8220;][vc_column width=&#8220;1\/2&#8243;][vc_empty_space][vc_empty_space][vc_column_text] Direkt buchen Reservierungen k\u00f6nnen \u00fcber unser Reservierungsmodul, per Telefon oder per E-Mail vorgenommen werden. 0543-769037 | info@levbymike.com &nbsp; M\u00f6chten Sie eine Reservierung f\u00fcr eine Gruppe von mehr als 8 Personen vornehmen oder m\u00f6chten Sie eine&#8230;<\/p>\n","protected":false},"author":3,"featured_media":0,"parent":0,"menu_order":0,"comment_status":"closed","ping_status":"closed","template":"","meta":{"footnotes":""},"class_list":["post-5609","page","type-page","status-publish","hentry"],"yoast_head":"<!-- This site is optimized with the Yoast SEO plugin v24.1 - https:\/\/yoast.com\/wordpress\/plugins\/seo\/ -->\n<title>Direkt buchen - LEV. by Mike<\/title>\n<meta name=\"robots\" content=\"index, follow, max-snippet:-1, max-image-preview:large, max-video-preview:-1\" \/>\n<link rel=\"canonical\" href=\"https:\/\/www.levbymike.com\/de\/direkt-buchen\/\" \/>\n<meta property=\"og:locale\" content=\"de_DE\" \/>\n<meta property=\"og:type\" content=\"article\" \/>\n<meta property=\"og:title\" content=\"Direkt buchen - LEV. by Mike\" \/>\n<meta property=\"og:description\" content=\"[vc_row css_animation=&#8220;&#8220; row_type=&#8220;row&#8220; use_row_as_full_screen_section=&#8220;no&#8220; type=&#8220;full_width&#8220; angled_section=&#8220;no&#8220; text_align=&#8220;center&#8220; background_image_as_pattern=&#8220;without_pattern&#8220; z_index=&#8220;&#8220;][vc_column width=&#8220;1\/2&#8243;][vc_empty_space][vc_empty_space][vc_column_text] Direkt buchen Reservierungen k\u00f6nnen \u00fcber unser Reservierungsmodul, per Telefon oder per E-Mail vorgenommen werden. 0543-769037 | info@levbymike.com &nbsp; M\u00f6chten Sie eine Reservierung f\u00fcr eine Gruppe von mehr als 8 Personen vornehmen oder m\u00f6chten Sie eine...\" \/>\n<meta property=\"og:url\" content=\"https:\/\/www.levbymike.com\/de\/direkt-buchen\/\" \/>\n<meta property=\"og:site_name\" content=\"LEV. by Mike\" \/>\n<meta property=\"article:modified_time\" content=\"2026-01-31T10:15:56+00:00\" \/>\n<meta name=\"twitter:card\" content=\"summary_large_image\" \/>\n<meta name=\"twitter:label1\" content=\"Gesch\u00e4tzte Lesezeit\" \/>\n\t<meta name=\"twitter:data1\" content=\"1\u00a0Minute\" \/>\n<script type=\"application\/ld+json\" class=\"yoast-schema-graph\">{\"@context\":\"https:\/\/schema.org\",\"@graph\":[{\"@type\":\"WebPage\",\"@id\":\"https:\/\/www.levbymike.com\/de\/direkt-buchen\/\",\"url\":\"https:\/\/www.levbymike.com\/de\/direkt-buchen\/\",\"name\":\"Direkt buchen - LEV. by Mike\",\"isPartOf\":{\"@id\":\"https:\/\/www.levbymike.com\/#website\"},\"datePublished\":\"2020-07-06T12:41:49+00:00\",\"dateModified\":\"2026-01-31T10:15:56+00:00\",\"breadcrumb\":{\"@id\":\"https:\/\/www.levbymike.com\/de\/direkt-buchen\/#breadcrumb\"},\"inLanguage\":\"de\",\"potentialAction\":[{\"@type\":\"ReadAction\",\"target\":[\"https:\/\/www.levbymike.com\/de\/direkt-buchen\/\"]}]},{\"@type\":\"BreadcrumbList\",\"@id\":\"https:\/\/www.levbymike.com\/de\/direkt-buchen\/#breadcrumb\",\"itemListElement\":[{\"@type\":\"ListItem\",\"position\":1,\"name\":\"Home\",\"item\":\"https:\/\/www.levbymike.com\/de\/\"},{\"@type\":\"ListItem\",\"position\":2,\"name\":\"Direkt buchen\"}]},{\"@type\":\"WebSite\",\"@id\":\"https:\/\/www.levbymike.com\/#website\",\"url\":\"https:\/\/www.levbymike.com\/\",\"name\":\"LEV. by Mike\",\"description\":\"GOOD FOOD. GOOD MOOD | WINE &amp; BEER | BEACHBAR\",\"potentialAction\":[{\"@type\":\"SearchAction\",\"target\":{\"@type\":\"EntryPoint\",\"urlTemplate\":\"https:\/\/www.levbymike.com\/?s={search_term_string}\"},\"query-input\":{\"@type\":\"PropertyValueSpecification\",\"valueRequired\":true,\"valueName\":\"search_term_string\"}}],\"inLanguage\":\"de\"}]}<\/script>\n<!-- \/ Yoast SEO plugin. -->","yoast_head_json":{"title":"Direkt buchen - LEV. by Mike","robots":{"index":"index","follow":"follow","max-snippet":"max-snippet:-1","max-image-preview":"max-image-preview:large","max-video-preview":"max-video-preview:-1"},"canonical":"https:\/\/www.levbymike.com\/de\/direkt-buchen\/","og_locale":"de_DE","og_type":"article","og_title":"Direkt buchen - LEV. by Mike","og_description":"[vc_row css_animation=&#8220;&#8220; row_type=&#8220;row&#8220; use_row_as_full_screen_section=&#8220;no&#8220; type=&#8220;full_width&#8220; angled_section=&#8220;no&#8220; text_align=&#8220;center&#8220; background_image_as_pattern=&#8220;without_pattern&#8220; z_index=&#8220;&#8220;][vc_column width=&#8220;1\/2&#8243;][vc_empty_space][vc_empty_space][vc_column_text] Direkt buchen Reservierungen k\u00f6nnen \u00fcber unser Reservierungsmodul, per Telefon oder per E-Mail vorgenommen werden. 0543-769037 | info@levbymike.com &nbsp; M\u00f6chten Sie eine Reservierung f\u00fcr eine Gruppe von mehr als 8 Personen vornehmen oder m\u00f6chten Sie eine...","og_url":"https:\/\/www.levbymike.com\/de\/direkt-buchen\/","og_site_name":"LEV. by Mike","article_modified_time":"2026-01-31T10:15:56+00:00","twitter_card":"summary_large_image","twitter_misc":{"Gesch\u00e4tzte Lesezeit":"1\u00a0Minute"},"schema":{"@context":"https:\/\/schema.org","@graph":[{"@type":"WebPage","@id":"https:\/\/www.levbymike.com\/de\/direkt-buchen\/","url":"https:\/\/www.levbymike.com\/de\/direkt-buchen\/","name":"Direkt buchen - LEV. by Mike","isPartOf":{"@id":"https:\/\/www.levbymike.com\/#website"},"datePublished":"2020-07-06T12:41:49+00:00","dateModified":"2026-01-31T10:15:56+00:00","breadcrumb":{"@id":"https:\/\/www.levbymike.com\/de\/direkt-buchen\/#breadcrumb"},"inLanguage":"de","potentialAction":[{"@type":"ReadAction","target":["https:\/\/www.levbymike.com\/de\/direkt-buchen\/"]}]},{"@type":"BreadcrumbList","@id":"https:\/\/www.levbymike.com\/de\/direkt-buchen\/#breadcrumb","itemListElement":[{"@type":"ListItem","position":1,"name":"Home","item":"https:\/\/www.levbymike.com\/de\/"},{"@type":"ListItem","position":2,"name":"Direkt buchen"}]},{"@type":"WebSite","@id":"https:\/\/www.levbymike.com\/#website","url":"https:\/\/www.levbymike.com\/","name":"LEV. by Mike","description":"GOOD FOOD. GOOD MOOD | WINE &amp; BEER | BEACHBAR","potentialAction":[{"@type":"SearchAction","target":{"@type":"EntryPoint","urlTemplate":"https:\/\/www.levbymike.com\/?s={search_term_string}"},"query-input":{"@type":"PropertyValueSpecification","valueRequired":true,"valueName":"search_term_string"}}],"inLanguage":"de"}]}},"_links":{"self":[{"href":"https:\/\/www.levbymike.com\/de\/wp-json\/wp\/v2\/pages\/5609","targetHints":{"allow":["GET"]}}],"collection":[{"href":"https:\/\/www.levbymike.com\/de\/wp-json\/wp\/v2\/pages"}],"about":[{"href":"https:\/\/www.levbymike.com\/de\/wp-json\/wp\/v2\/types\/page"}],"author":[{"embeddable":true,"href":"https:\/\/www.levbymike.com\/de\/wp-json\/wp\/v2\/users\/3"}],"replies":[{"embeddable":true,"href":"https:\/\/www.levbymike.com\/de\/wp-json\/wp\/v2\/comments?post=5609"}],"version-history":[{"count":6,"href":"https:\/\/www.levbymike.com\/de\/wp-json\/wp\/v2\/pages\/5609\/revisions"}],"predecessor-version":[{"id":14252,"href":"https:\/\/www.levbymike.com\/de\/wp-json\/wp\/v2\/pages\/5609\/revisions\/14252"}],"wp:attachment":[{"href":"https:\/\/www.levbymike.com\/de\/wp-json\/wp\/v2\/media?parent=5609"}],"curies":[{"name":"wp","href":"https:\/\/api.w.org\/{rel}","templated":true}]}}