{"id":5607,"date":"2020-07-06T14:30:16","date_gmt":"2020-07-06T12:30:16","guid":{"rendered":"https:\/\/www.levbymike.com\/?page_id=5607"},"modified":"2026-03-23T10:20:18","modified_gmt":"2026-03-23T09:20:18","slug":"lev-food-2","status":"publish","type":"page","link":"https:\/\/www.levbymike.com\/de\/lev-food-2\/","title":{"rendered":"LEV FOOD"},"content":{"rendered":"<div class=\"wpb-content-wrapper\"><p>[vc_row css_animation=&#8220;&#8220; row_type=&#8220;row&#8220; use_row_as_full_screen_section=&#8220;no&#8220; type=&#8220;grid&#8220; angled_section=&#8220;no&#8220; text_align=&#8220;center&#8220; background_image_as_pattern=&#8220;without_pattern&#8220; padding_top=&#8220;65&#8243; padding_bottom=&#8220;89&#8243; css=&#8220;.vc_custom_1496845038258{border-bottom-width: 0px !important;}&#8220;][vc_column offset=&#8220;vc_col-lg-offset-0 vc_col-md-offset-0 vc_col-sm-offset-0&#8243; css=&#8220;.vc_custom_1493979284253{padding-right: 3% !important;}&#8220;][vc_column_text]<\/p>\n<p style=\"text-align: center;\"><strong>W\u00e4hlen Sie aus, was Sie m\u00f6gen; die Gerichte sind vielseitig, \u00fcberraschend und wechseln regelm\u00e4\u00dfig.<\/strong><\/p>\n<p style=\"text-align: center;\"><strong>Auf unserer Speisekarte finden Sie sch\u00f6ne Gerichte, die alle die Gr\u00f6\u00dfe eines Entremets haben. Die Gerichte werden mit Zutaten aus der Region und der Saison zubereitet. Au\u00dferdem finden Sie mehr als 15 offene Weine, gute Biere und leckere Cocktails auf der Karte!<\/strong><\/p>\n<p style=\"text-align: center;\"><strong>Werfen Sie einen Blick in die gro\u00dfe offene K\u00fcche des LEV. und sehen Sie, wie Ihre Gerichte vor Ort zubereitet werden.<\/strong><\/p>\n<p style=\"text-align: center;\"><strong>Haben Sie Allergien und\/oder Di\u00e4tvorschriften? Geben Sie uns bei der Reservierung Bescheid, damit wir uns auf Sie einstellen k\u00f6nnen!<\/strong><\/p>\n<p>[\/vc_column_text][\/vc_column][\/vc_row][vc_row css_animation=&#8220;&#8220; row_type=&#8220;row&#8220; use_row_as_full_screen_section=&#8220;no&#8220; type=&#8220;grid&#8220; angled_section=&#8220;no&#8220; text_align=&#8220;center&#8220; background_image_as_pattern=&#8220;without_pattern&#8220; padding_top=&#8220;65&#8243; padding_bottom=&#8220;89&#8243; css=&#8220;.vc_custom_1496845038258{border-bottom-width: 0px !important;}&#8220;][vc_column width=&#8220;1\/4&#8243; offset=&#8220;vc_col-lg-offset-0 vc_col-md-offset-0 vc_col-sm-offset-0&#8243; css=&#8220;.vc_custom_1493979284253{padding-right: 3% !important;}&#8220;][\/vc_column][vc_column width=&#8220;1\/2&#8243;][vc_column_text]<\/p>\n<h2 style=\"text-align: center;\"><strong>MITTAGESSEN BY LEV<\/strong><\/h2>\n<h2 style=\"text-align: center;\">11.00 &#8211; 16.00<\/h2>\n<p>&nbsp;<\/p>\n<hr \/>\n<p style=\"text-align: center;\"><b>Suppe | <\/b><b>7.5<\/b><\/p>\n<p style=\"text-align: center;\">Tagessuppe<\/p>\n<p style=\"text-align: center;\"><em><strong>\u00a0<\/strong><\/em><\/p>\n<p>&nbsp;<\/p>\n<p style=\"text-align: center;\"><b>Sandwiches |<\/b><b>\u00a010.5<\/b><\/p>\n<p style=\"text-align: center;\"><em>Auswahl an Braun oder Wei\u00dfbrot.<\/em><\/p>\n<p style=\"text-align: center;\">Club Sandwich | K\u00e4se | Ger\u00e4ucherte Auerhahn | roher Schinken | Senf<\/p>\n<p>&nbsp;<\/p>\n<p style=\"text-align: center;\">Sandwich mit &#8222;Br\u00f6mmels&#8220; Ziegenk\u00e4se | Apfel | Kurbissamen | Aceto Balsamico<\/p>\n<p>&nbsp;<\/p>\n<p style=\"text-align: center;\">Sandwich mit LEV | Wie einer von uns es am liebsten isst!<\/p>\n<p>&nbsp;<\/p>\n<p>&nbsp;<\/p>\n<p style=\"text-align: center;\"><b>Comfort food | 12.5<\/b><\/p>\n<p style=\"text-align: center;\">Burger vom Bauernhof Klumper | Briochebrot | Rotweinsauce mit speck und Zwiebeln | Cheddar | Krautsalat<\/p>\n<p>&nbsp;<\/p>\n<p style=\"text-align: center;\">Kartoffelpfannkuchen | R\u00e4ucherlachs | Kr\u00e4uter | Avocado<\/p>\n<p>&nbsp;<\/p>\n<p style=\"text-align: center;\">Carpaccio | Kartoffelcreme | Alte K\u00e4se | Tr\u00fcffel Mayonnaise mit tierfreundlich G\u00e4nseleber (+6.5)<\/p>\n<p>&nbsp;<\/p>\n<p>&nbsp;<\/p>\n<p style=\"text-align: center;\"><b>Salate | <\/b><b>12.5<\/b><\/p>\n<p style=\"text-align: center;\">Fleischprodukte aus dieser Region | Gem\u00fcse | Speck-Dressing<\/p>\n<p>&nbsp;<\/p>\n<p style=\"text-align: center;\">Salat Honey | Br\u00f6mmels Ziegenk\u00e4se | Gegrillte Zucchini | Honig | N\u00fcsse<\/p>\n<p>&nbsp;<\/p>\n<p style=\"text-align: center;\">Salat Lachs | Warmer Fisch des Tages | Wasabi &amp; Yuzu<\/p>\n<p>&nbsp;<\/p>\n<p>&nbsp;<\/p>\n<p style=\"text-align: center;\"><strong>Schnelles LEV. Lunch<\/strong><\/p>\n<p style=\"text-align: center;\">2 G\u00e4nge | 27.5 p.p<br \/>\n3 G\u00e4nge | 34.5 p.p<\/p>\n<p>&nbsp;<\/p>\n<p>&nbsp;<\/p>\n<p style=\"text-align: center;\"><b>Beilagen<\/b><\/p>\n<p style=\"text-align: center;\">Kegel mit Pommes | Brander Mayonnaise | 5<\/p>\n<p>&nbsp;<\/p>\n<p style=\"text-align: center;\">LEV Brot | Gr\u00fcne Olivenbutter | Ger\u00f6stete Knoblauchmayonnaise | 6.5<\/p>\n<p>[\/vc_column_text][vc_separator type=&#8220;small&#8220; position=&#8220;center&#8220; up=&#8220;60&#8243; down=&#8220;60&#8243;][vc_column_text]<\/p>\n<h2 style=\"text-align: center;\"><strong>Aperitif &amp; Mit Getr\u00e4nken<\/strong><\/h2>\n<p style=\"text-align: center;\">Zwischen 12:00 Uhr und 17:00 Uhr und nach 21:00 Uhr<\/p>\n<hr \/>\n<p style=\"text-align: center;\"><b>Haute friture <strong>8.<\/strong>5<\/b><\/p>\n<p style=\"text-align: center;\">K\u00e4se Fr\u00fchlingsrollen (6 St\u00fcck)<\/p>\n<p>&nbsp;<\/p>\n<p style=\"text-align: center;\">Evers Bitterballen (8 St\u00fcck)<\/p>\n<p>&nbsp;<\/p>\n<p style=\"text-align: center;\">Gemischte Snacks (10 St\u00fcck)<\/p>\n<p>&nbsp;<\/p>\n<p style=\"text-align: center;\">Garnalen in Phyllo-Teig (6 St\u00fcck)<\/p>\n<p>&nbsp;<\/p>\n<p>&nbsp;<\/p>\n<p style=\"text-align: center;\"><strong>Snack Platter 19.5 (f\u00fcr 2 Personen)<\/strong><\/p>\n<p style=\"text-align: center;\">\u201eAchterhoek\u201c | Wurst | Schinken | K\u00e4se | Brot und Butter<\/p>\n<p>&nbsp;<\/p>\n<p style=\"text-align: center;\">\u201eFisch von Wennekes\u201c | Fischsortiment | Salat | Oliven | Brot und Butter<\/p>\n<p>&nbsp;<\/p>\n<p style=\"text-align: center;\"><strong>Fingerfood 8.5<\/strong><\/p>\n<p style=\"text-align: center;\">Alte k\u00e4se | Oliven | trockene Wurst<\/p>\n<p style=\"text-align: center;\">H\u00fchnerkn\u00f6chel (4 St\u00fcck)<\/p>\n<p>[\/vc_column_text][vc_separator type=&#8220;small&#8220; position=&#8220;center&#8220; up=&#8220;60&#8243; down=&#8220;60&#8243;][vc_column_text]<\/p>\n<h3 style=\"text-align: center;\"><strong>LEV by Mike steht f\u00fcr Liebe zu sch\u00f6nen Gerichten in der Gr\u00f6\u00dfe eines Zwischengerichts, deshalb ist es am besten, <\/strong><\/h3>\n<h3 style=\"text-align: center;\"><strong>es zusammen zu genie\u00dfen.<\/strong><\/h3>\n<h3 style=\"text-align: center;\"><\/h3>\n<p>[\/vc_column_text][vc_separator type=&#8220;small&#8220; position=&#8220;center&#8220; up=&#8220;60&#8243; down=&#8220;60&#8243;][vc_column_text]<\/p>\n<h2 style=\"text-align: center;\">MITTAGESSEN &amp; ABENDESSEN BY LEV<\/h2>\n<h2 style=\"text-align: center;\">11.00-22.00<\/h2>\n<hr \/>\n<p style=\"text-align: center;\"><strong>Alle Gerichte zu genie\u00dfen! | 15.5<\/strong><\/p>\n<div>\n<div>\n<p class=\"cvGsUA direction-ltr align-start para-style-subtitle\" style=\"text-align: center;\"><span class=\"a_GcMg font-feature-liga-off font-feature-clig-off font-feature-calt-off text-decoration-none text-strikethrough-none\">LEV\u2019s R\u00e4ucherlachs | S\u00fc\u00df-saure Gem\u00fcse | Petersilienwurzel | Mandeln<\/span><\/p>\n<p>&nbsp;<\/p>\n<p class=\"cvGsUA direction-ltr align-start para-style-subtitle\" style=\"text-align: center;\"><span class=\"a_GcMg font-feature-liga-off font-feature-clig-off font-feature-calt-off text-decoration-none text-strikethrough-none\">Carpaccio | Nekka | Tr\u00fcffel | Lokaler alter K\u00e4se <\/span><span class=\"a_GcMg font-feature-liga-off font-feature-clig-off font-feature-calt-off text-decoration-none text-strikethrough-none\">(mit tierfreundlichen G\u00e4nseleber +6,5)<\/span><\/p>\n<p>&nbsp;<\/p>\n<p class=\"cvGsUA direction-ltr align-start para-style-subtitle\" style=\"text-align: center;\"><span class=\"a_GcMg font-feature-liga-off font-feature-clig-off font-feature-calt-off text-decoration-none text-strikethrough-none\">Ziegenk\u00e4se | Rote Beete | Zitronengras | Schwarzer Knoblauch &amp; Schokoladencreme <\/span><span class=\"a_GcMg font-feature-liga-off font-feature-clig-off font-feature-calt-off text-decoration-none text-strikethrough-none\">(V)<\/span><\/p>\n<p>&nbsp;<\/p>\n<p class=\"cvGsUA direction-ltr align-start para-style-subtitle\" style=\"text-align: center;\"><span class=\"a_GcMg font-feature-liga-off font-feature-clig-off font-feature-calt-off text-decoration-none text-strikethrough-none\">Krabbensalat | Crostini | Rote Zwiebel | Tomatensorbet<\/span><\/p>\n<p>&nbsp;<\/p>\n<p class=\"cvGsUA direction-ltr align-start para-style-subtitle\" style=\"text-align: center;\"><span class=\"a_GcMg font-feature-liga-off font-feature-clig-off font-feature-calt-off text-decoration-none text-strikethrough-none\">Wolfbarsch | Meeresgem\u00fcse | Spitzkohl | Piccalilly<\/span><\/p>\n<p>&nbsp;<\/p>\n<p class=\"cvGsUA direction-ltr align-start para-style-subtitle\" style=\"text-align: center;\">Rendang | Kokosreis | Kohlr\u00fcbe | Spanischer Pfeffer<\/p>\n<p>&nbsp;<\/p>\n<p class=\"cvGsUA direction-ltr align-start para-style-subtitle\" style=\"text-align: center;\">Tante Door Huhn | Fenchel | R\u00f6sti | Andalimanpfeffer<\/p>\n<p>&nbsp;<\/p>\n<p class=\"cvGsUA direction-ltr align-start para-style-subtitle\" style=\"text-align: center;\">Schweinenacken | Karotten | Zwiebelkompott | Kartoffeln | Vadouvan<\/p>\n<p>&nbsp;<\/p>\n<p class=\"cvGsUA direction-ltr align-start para-style-subtitle\" style=\"text-align: center;\">Blumenkohl | Kapern | Linsen | Meerettich (V)<\/p>\n<p>&nbsp;<\/p>\n<p class=\"cvGsUA direction-ltr align-start para-style-subtitle\" style=\"text-align: center;\"><span class=\"a_GcMg font-feature-liga-off font-feature-clig-off font-feature-calt-off text-decoration-none text-strikethrough-none\">Duett von Rindfleisch | R\u00fcbe | Topinambur | Brauner Rum <\/span><span class=\"a_GcMg font-feature-liga-off font-feature-clig-off font-feature-calt-off text-decoration-none text-strikethrough-none\">(+3)<\/span><\/p>\n<p>&nbsp;<\/p>\n<p class=\"cvGsUA direction-ltr align-start para-style-subtitle\" style=\"text-align: center;\"><span class=\"a_GcMg font-feature-liga-off font-feature-clig-off font-feature-calt-off text-decoration-none text-strikethrough-none\">Fisch der Saison | Perlcouscous | Paprika | Portulak<\/span><\/p>\n<p>&nbsp;<\/p>\n<p class=\"cvGsUA direction-ltr align-start para-style-subtitle\" style=\"text-align: center;\">Kalbslasagne | Spinat | Ger\u00f6steter Senf | Kardamom<\/p>\n<p>&nbsp;<\/p>\n<p class=\"cvGsUA direction-ltr align-start para-style-subtitle\" style=\"text-align: center;\">Kartoffeltexturen | Hollandaise | Fr\u00fchlingszwiebeln | Stompetoren Grand Cru (V)<\/p>\n<\/div>\n<p>&nbsp;<\/p>\n<\/div>\n<h3 style=\"text-align: center;\">Aperitief<\/h3>\n<p style=\"text-align: center;\">LEV. Brot | Gr\u00fcne Olivenbutter | Ger\u00f6stete Knoblauchmayonnaise | 6.5<\/p>\n<p>&nbsp;<\/p>\n<p style=\"text-align: center;\">Auster von Nam Kee | 4 pro stuck<\/p>\n<p>&nbsp;<\/p>\n<p style=\"text-align: center;\">Charcuterie | Hausgemacht | 12.5 pro Platte (2 Personen)<\/p>\n<p>&nbsp;<\/p>\n<p>&nbsp;<\/p>\n<div class=\"page\" title=\"Page 2\">\n<div class=\"section\">\n<h3 style=\"text-align: center;\">Men\u00fc des K\u00fcchenchefs 49.5 pro Person<\/h3>\n<p style=\"text-align: center;\">4 G\u00e4nge | 8 Gerichte<br \/>\nKann nur pro Tisch bestellt werden<\/p>\n<p style=\"text-align: center;\">Lieber K\u00e4se statt Nachtisch?\u00a0<strong>+4<\/strong><\/p>\n<\/div>\n<\/div>\n<p>&nbsp;<\/p>\n<p>&nbsp;<\/p>\n<h3 style=\"text-align: center;\">Beilagen 5<\/h3>\n<p style=\"text-align: center;\">Pommes<\/p>\n<p>&nbsp;<\/p>\n<p style=\"text-align: center;\">Gr\u00fcner Salat<\/p>\n<p>&nbsp;<\/p>\n<p style=\"text-align: center;\">Gr\u00fcner Salat | Frisch vom Tage<\/p>\n<p>&nbsp;<\/p>\n<p>&nbsp;<\/p>\n<h3 style=\"text-align: center;\"><span class=\"JsGRdQ\">Versuchungen 10.5<\/span><\/h3>\n<div class=\"page\" title=\"Page 2\">\n<div class=\"section\">\n<div class=\"layoutArea\">\n<div class=\"column\">\n<p class=\"cvGsUA direction-ltr align-start para-style-body\" style=\"text-align: center;\"><span class=\"a_GcMg font-feature-liga-off font-feature-clig-off font-feature-calt-off text-decoration-none text-strikethrough-none\">Grie\u00dfmousse | Mango | Karamell | Kokosnusseis<\/span><\/p>\n<p>&nbsp;<\/p>\n<p class=\"cvGsUA direction-ltr align-start para-style-body\" style=\"text-align: center;\"><span class=\"a_GcMg font-feature-liga-off font-feature-clig-off font-feature-calt-off text-decoration-none text-strikethrough-none\">Schokolade | Banane | Pistaziencreme | Eierlik\u00f6reis<\/span><\/p>\n<p>&nbsp;<\/p>\n<p class=\"cvGsUA direction-ltr align-start para-style-body\" style=\"text-align: center;\"><span class=\"a_GcMg font-feature-liga-off font-feature-clig-off font-feature-calt-off text-decoration-none text-strikethrough-none\">Auswahl holl\u00e4ndischer K\u00e4sesorten | N\u00fcsse | Marmelade | Nussbrot <\/span><span class=\"a_GcMg font-feature-liga-off font-feature-clig-off font-feature-calt-off text-decoration-none text-strikethrough-none\">(+4,00)<\/span><\/p>\n<p>&nbsp;<\/p>\n<\/div>\n<\/div>\n<\/div>\n<\/div>\n<p>[\/vc_column_text][vc_separator type=&#8220;small&#8220; position=&#8220;center&#8220; up=&#8220;60&#8243; down=&#8220;60&#8243;][vc_column_text]<\/p>\n<h2>Sie finden uns:<\/h2>\n<p>Telefonnummer: + 31 (0)543 \u2013 769037<\/p>\n<p>Adresse: Badweg 4, Winterswijk<\/p>\n<p>E-Mail: info@[\/vc_column_text][vc_separator type=&#8220;small&#8220; position=&#8220;center&#8220; up=&#8220;60&#8243; down=&#8220;60&#8243;][vc_column_text]<\/p>\n<h2 style=\"text-align: center;\">Wir sind geoffnet:<\/h2>\n<p style=\"text-align: center;\">MI\u00a0 \u00a011:00 &#8211; 23:00 (in den Monaten Januar, Februar und M\u00e4rz geschlossen)<br \/>\nDO \u00a0 \u00a011:00 &#8211; 23:00<br \/>\nFR \u00a0 \u00a011:00 &#8211; 23:00<br \/>\nSA \u00a0 \u00a011:00 &#8211; 23:00<br \/>\nSO \u00a0 \u00a011:00 &#8211; 23:00<\/p>\n<p>[\/vc_column_text][vc_separator type=&#8220;small&#8220; position=&#8220;center&#8220; up=&#8220;60&#8243; down=&#8220;60&#8243;]<a  itemprop=\"url\" href=\"https:\/\/www.levbymike.com\/reserveren\/\" target=\"_self\"  class=\"qbutton  default\" style=\"\">Direkt buchen<\/a>[\/vc_column][vc_column width=&#8220;1\/4&#8243;][\/vc_column][\/vc_row][vc_row css_animation=&#8220;&#8220; row_type=&#8220;row&#8220; use_row_as_full_screen_section=&#8220;no&#8220; type=&#8220;full_width&#8220; angled_section=&#8220;no&#8220; text_align=&#8220;left&#8220; background_image_as_pattern=&#8220;without_pattern&#8220;][vc_column]<div class='google_map_shortcode_holder' style='height:600px;'><div class='qode_google_map' style='height:600px;' id='map_canvas_99342' data-addresses='[\"Badweg 4, Winterswijk\"]' data-custom-map-style='true' data-color-overlay='#000000' data-saturation='-100' data-lightness='-60' data-zoom='19' data-pin='https:\/\/www.levbymike.com\/wp-content\/uploads\/2020\/05\/LEV-By-Mike.png' data-unique-id='99342' data-google-maps-scroll-wheel='false' data-snazzy-map-style='no' data-map-height='600'><\/div><div class='google_map_shortcode_overlay'><\/div><\/div>[\/vc_column][\/vc_row][vc_row css_animation=&#8220;&#8220; row_type=&#8220;row&#8220; use_row_as_full_screen_section=&#8220;no&#8220; type=&#8220;full_width&#8220; angled_section=&#8220;no&#8220; text_align=&#8220;left&#8220; background_image_as_pattern=&#8220;without_pattern&#8220;][vc_column][vc_gallery type=&#8220;image_grid&#8220; images=&#8220;805,4620,804,669,4601,4606,4622,4621,4607&#8243; img_size=&#8220;480&#215;480&#8243; column_number=&#8220;4&#8243; grayscale=&#8220;no&#8220; images_space=&#8220;gallery_without_space&#8220;][vc_empty_space][\/vc_column][\/vc_row]<\/p>\n<\/div>","protected":false},"excerpt":{"rendered":"<p>[vc_row css_animation=&#8220;&#8220; row_type=&#8220;row&#8220; use_row_as_full_screen_section=&#8220;no&#8220; type=&#8220;grid&#8220; angled_section=&#8220;no&#8220; text_align=&#8220;center&#8220; background_image_as_pattern=&#8220;without_pattern&#8220; padding_top=&#8220;65&#8243; padding_bottom=&#8220;89&#8243; css=&#8220;.vc_custom_1496845038258{border-bottom-width: 0px !important;}&#8220;][vc_column offset=&#8220;vc_col-lg-offset-0 vc_col-md-offset-0 vc_col-sm-offset-0&#8243; css=&#8220;.vc_custom_1493979284253{padding-right: 3% !important;}&#8220;][vc_column_text] W\u00e4hlen Sie aus, was Sie m\u00f6gen; die Gerichte sind vielseitig, \u00fcberraschend und wechseln regelm\u00e4\u00dfig. Auf unserer Speisekarte finden Sie sch\u00f6ne Gerichte, die alle die Gr\u00f6\u00dfe eines&#8230;<\/p>\n","protected":false},"author":3,"featured_media":0,"parent":0,"menu_order":0,"comment_status":"closed","ping_status":"closed","template":"full_width.php","meta":{"footnotes":""},"class_list":["post-5607","page","type-page","status-publish","hentry"],"yoast_head":"<!-- This site is optimized with the Yoast SEO plugin v24.1 - https:\/\/yoast.com\/wordpress\/plugins\/seo\/ -->\n<title>LEV FOOD - LEV. by Mike<\/title>\n<meta name=\"description\" content=\"W\u00e4hlen Sie was Sie m\u00f6gen; Die Gerichte sind vielseitig, \u00fcberraschend und wechseln regelm\u00e4\u00dfig.\" \/>\n<meta name=\"robots\" content=\"index, follow, max-snippet:-1, max-image-preview:large, max-video-preview:-1\" \/>\n<link rel=\"canonical\" href=\"https:\/\/www.levbymike.com\/de\/lev-food-2\/\" \/>\n<meta property=\"og:locale\" content=\"de_DE\" \/>\n<meta property=\"og:type\" content=\"article\" \/>\n<meta property=\"og:title\" content=\"LEV FOOD - LEV. by Mike\" \/>\n<meta property=\"og:description\" content=\"W\u00e4hlen Sie was Sie m\u00f6gen; Die Gerichte sind vielseitig, \u00fcberraschend und wechseln regelm\u00e4\u00dfig.\" \/>\n<meta property=\"og:url\" content=\"https:\/\/www.levbymike.com\/de\/lev-food-2\/\" \/>\n<meta property=\"og:site_name\" content=\"LEV. by Mike\" \/>\n<meta property=\"article:modified_time\" content=\"2026-03-23T09:20:18+00:00\" \/>\n<meta name=\"twitter:card\" content=\"summary_large_image\" \/>\n<meta name=\"twitter:label1\" content=\"Gesch\u00e4tzte Lesezeit\" \/>\n\t<meta name=\"twitter:data1\" content=\"6\u00a0Minuten\" \/>\n<script type=\"application\/ld+json\" class=\"yoast-schema-graph\">{\"@context\":\"https:\/\/schema.org\",\"@graph\":[{\"@type\":\"WebPage\",\"@id\":\"https:\/\/www.levbymike.com\/de\/lev-food-2\/\",\"url\":\"https:\/\/www.levbymike.com\/de\/lev-food-2\/\",\"name\":\"LEV FOOD - LEV. by Mike\",\"isPartOf\":{\"@id\":\"https:\/\/www.levbymike.com\/#website\"},\"datePublished\":\"2020-07-06T12:30:16+00:00\",\"dateModified\":\"2026-03-23T09:20:18+00:00\",\"description\":\"W\u00e4hlen Sie was Sie m\u00f6gen; Die Gerichte sind vielseitig, \u00fcberraschend und wechseln regelm\u00e4\u00dfig.\",\"breadcrumb\":{\"@id\":\"https:\/\/www.levbymike.com\/de\/lev-food-2\/#breadcrumb\"},\"inLanguage\":\"de\",\"potentialAction\":[{\"@type\":\"ReadAction\",\"target\":[\"https:\/\/www.levbymike.com\/de\/lev-food-2\/\"]}]},{\"@type\":\"BreadcrumbList\",\"@id\":\"https:\/\/www.levbymike.com\/de\/lev-food-2\/#breadcrumb\",\"itemListElement\":[{\"@type\":\"ListItem\",\"position\":1,\"name\":\"Home\",\"item\":\"https:\/\/www.levbymike.com\/de\/\"},{\"@type\":\"ListItem\",\"position\":2,\"name\":\"LEV FOOD\"}]},{\"@type\":\"WebSite\",\"@id\":\"https:\/\/www.levbymike.com\/#website\",\"url\":\"https:\/\/www.levbymike.com\/\",\"name\":\"LEV. by Mike\",\"description\":\"GOOD FOOD. GOOD MOOD | WINE &amp; BEER | BEACHBAR\",\"potentialAction\":[{\"@type\":\"SearchAction\",\"target\":{\"@type\":\"EntryPoint\",\"urlTemplate\":\"https:\/\/www.levbymike.com\/?s={search_term_string}\"},\"query-input\":{\"@type\":\"PropertyValueSpecification\",\"valueRequired\":true,\"valueName\":\"search_term_string\"}}],\"inLanguage\":\"de\"}]}<\/script>\n<!-- \/ Yoast SEO plugin. -->","yoast_head_json":{"title":"LEV FOOD - LEV. by Mike","description":"W\u00e4hlen Sie was Sie m\u00f6gen; Die Gerichte sind vielseitig, \u00fcberraschend und wechseln regelm\u00e4\u00dfig.","robots":{"index":"index","follow":"follow","max-snippet":"max-snippet:-1","max-image-preview":"max-image-preview:large","max-video-preview":"max-video-preview:-1"},"canonical":"https:\/\/www.levbymike.com\/de\/lev-food-2\/","og_locale":"de_DE","og_type":"article","og_title":"LEV FOOD - LEV. by Mike","og_description":"W\u00e4hlen Sie was Sie m\u00f6gen; Die Gerichte sind vielseitig, \u00fcberraschend und wechseln regelm\u00e4\u00dfig.","og_url":"https:\/\/www.levbymike.com\/de\/lev-food-2\/","og_site_name":"LEV. by Mike","article_modified_time":"2026-03-23T09:20:18+00:00","twitter_card":"summary_large_image","twitter_misc":{"Gesch\u00e4tzte Lesezeit":"6\u00a0Minuten"},"schema":{"@context":"https:\/\/schema.org","@graph":[{"@type":"WebPage","@id":"https:\/\/www.levbymike.com\/de\/lev-food-2\/","url":"https:\/\/www.levbymike.com\/de\/lev-food-2\/","name":"LEV FOOD - LEV. by Mike","isPartOf":{"@id":"https:\/\/www.levbymike.com\/#website"},"datePublished":"2020-07-06T12:30:16+00:00","dateModified":"2026-03-23T09:20:18+00:00","description":"W\u00e4hlen Sie was Sie m\u00f6gen; Die Gerichte sind vielseitig, \u00fcberraschend und wechseln regelm\u00e4\u00dfig.","breadcrumb":{"@id":"https:\/\/www.levbymike.com\/de\/lev-food-2\/#breadcrumb"},"inLanguage":"de","potentialAction":[{"@type":"ReadAction","target":["https:\/\/www.levbymike.com\/de\/lev-food-2\/"]}]},{"@type":"BreadcrumbList","@id":"https:\/\/www.levbymike.com\/de\/lev-food-2\/#breadcrumb","itemListElement":[{"@type":"ListItem","position":1,"name":"Home","item":"https:\/\/www.levbymike.com\/de\/"},{"@type":"ListItem","position":2,"name":"LEV FOOD"}]},{"@type":"WebSite","@id":"https:\/\/www.levbymike.com\/#website","url":"https:\/\/www.levbymike.com\/","name":"LEV. by Mike","description":"GOOD FOOD. GOOD MOOD | WINE &amp; BEER | BEACHBAR","potentialAction":[{"@type":"SearchAction","target":{"@type":"EntryPoint","urlTemplate":"https:\/\/www.levbymike.com\/?s={search_term_string}"},"query-input":{"@type":"PropertyValueSpecification","valueRequired":true,"valueName":"search_term_string"}}],"inLanguage":"de"}]}},"_links":{"self":[{"href":"https:\/\/www.levbymike.com\/de\/wp-json\/wp\/v2\/pages\/5607","targetHints":{"allow":["GET"]}}],"collection":[{"href":"https:\/\/www.levbymike.com\/de\/wp-json\/wp\/v2\/pages"}],"about":[{"href":"https:\/\/www.levbymike.com\/de\/wp-json\/wp\/v2\/types\/page"}],"author":[{"embeddable":true,"href":"https:\/\/www.levbymike.com\/de\/wp-json\/wp\/v2\/users\/3"}],"replies":[{"embeddable":true,"href":"https:\/\/www.levbymike.com\/de\/wp-json\/wp\/v2\/comments?post=5607"}],"version-history":[{"count":31,"href":"https:\/\/www.levbymike.com\/de\/wp-json\/wp\/v2\/pages\/5607\/revisions"}],"predecessor-version":[{"id":14316,"href":"https:\/\/www.levbymike.com\/de\/wp-json\/wp\/v2\/pages\/5607\/revisions\/14316"}],"wp:attachment":[{"href":"https:\/\/www.levbymike.com\/de\/wp-json\/wp\/v2\/media?parent=5607"}],"curies":[{"name":"wp","href":"https:\/\/api.w.org\/{rel}","templated":true}]}}